{"id":9221,"date":"2023-05-16T18:47:03","date_gmt":"2023-05-16T16:47:03","guid":{"rendered":"https:\/\/www.sepalumic.com\/travaux-reglementation\/"},"modified":"2024-01-16T13:50:26","modified_gmt":"2024-01-16T12:50:26","slug":"travaux-reglementation","status":"publish","type":"page","link":"https:\/\/www.sepalumic.com\/en\/travaux-reglementation\/","title":{"rendered":"Financements, R\u00e9glementation, id\u00e9es &#038; Conseils"},"content":{"rendered":"<p>[et_pb_section fb_built=&#8221;1&#8243; fullwidth=&#8221;on&#8221; _builder_version=&#8221;4.21.0&#8243; _module_preset=&#8221;default&#8221; use_background_color_gradient=&#8221;on&#8221; background_color_gradient_direction=&#8221;90deg&#8221; background_color_gradient_stops=&#8221;rgba(30,34,49,0.4) 0%|rgba(255,255,255,0) 100%&#8221; background_color_gradient_overlays_image=&#8221;on&#8221; background_image=&#8221;https:\/\/www.sepalumic.com\/wp-content\/uploads\/2023\/05\/visuel-page-inspi-sepalumic.jpg&#8221; min_height=&#8221;40vw&#8221; custom_padding=&#8221;50px||50px||true|false&#8221; custom_css_main_element=&#8221;display: flex;||justify-content: center;||align-items: center;&#8221; global_colors_info=&#8221;{}&#8221;][et_pb_fullwidth_header title=&#8221;@ET-DC@eyJkeW5hbWljIjp0cnVlLCJjb250ZW50IjoicG9zdF90aXRsZSIsInNldHRpbmdzIjp7ImJlZm9yZSI6IiIsImFmdGVyIjoiIn19@&#8221; _builder_version=&#8221;4.21.0&#8243; _dynamic_attributes=&#8221;title&#8221; _module_preset=&#8221;default&#8221; title_font=&#8221;|300|||||||&#8221; title_text_align=&#8221;center&#8221; title_text_color=&#8221;#FFFFFF&#8221; content_text_align=&#8221;center&#8221; content_text_color=&#8221;#FFFFFF&#8221; content_font_size=&#8221;19px&#8221; background_enable_color=&#8221;off&#8221; custom_padding=&#8221;0px||0px||true|false&#8221; title_font_size_tablet=&#8221;76px&#8221; title_font_size_phone=&#8221;45px&#8221; title_font_size_last_edited=&#8221;off|desktop&#8221; content_font_size_tablet=&#8221;19px&#8221; content_font_size_phone=&#8221;17px&#8221; content_font_size_last_edited=&#8221;on|phone&#8221; custom_css_title=&#8221;font-size: clamp(25px, 7.0rem, 7.0rem);&#8221; global_colors_info=&#8221;{}&#8221;][\/et_pb_fullwidth_header][\/et_pb_section][et_pb_section fb_built=&#8221;1&#8243; admin_label=&#8221;Breadcrumb&#8221; module_class=&#8221;breadcrumb&#8221; _builder_version=&#8221;4.20.1&#8243; _module_preset=&#8221;default&#8221; custom_padding=&#8221;30px||30px||true|false&#8221; global_module=&#8221;168&#8243; saved_tabs=&#8221;all&#8221; global_colors_info=&#8221;{}&#8221;][et_pb_row _builder_version=&#8221;4.20.1&#8243; _module_preset=&#8221;default&#8221; max_width=&#8221;100%&#8221; custom_padding=&#8221;0px||0px||true|false&#8221; global_colors_info=&#8221;{}&#8221;][et_pb_column type=&#8221;4_4&#8243; _builder_version=&#8221;4.20.1&#8243; _module_preset=&#8221;default&#8221; global_colors_info=&#8221;{}&#8221;][et_pb_code _builder_version=&#8221;4.20.4&#8243; _module_preset=&#8221;default&#8221; global_colors_info=&#8221;{}&#8221;]<span><span><a href=\"https:\/\/www.sepalumic.com\/en\/\">Home<\/a><\/span><\/span>[\/et_pb_code][et_pb_divider _builder_version=&#8221;4.23.1&#8243; _module_preset=&#8221;default&#8221; global_colors_info=&#8221;{}&#8221;][\/et_pb_divider][\/et_pb_column][\/et_pb_row][\/et_pb_section][et_pb_section fb_built=&#8221;1&#8243; _builder_version=&#8221;4.21.0&#8243; _module_preset=&#8221;default&#8221; background_enable_color=&#8221;off&#8221; global_colors_info=&#8221;{}&#8221;][et_pb_row use_custom_gutter=&#8221;on&#8221; gutter_width=&#8221;1&#8243; _builder_version=&#8221;4.20.2&#8243; _module_preset=&#8221;default&#8221; max_width=&#8221;100%&#8221; global_colors_info=&#8221;{}&#8221;][et_pb_column type=&#8221;4_4&#8243; _builder_version=&#8221;4.20.2&#8243; _module_preset=&#8221;default&#8221; global_colors_info=&#8221;{}&#8221;][et_pb_text module_class=&#8221;text_with_border text_bg_white&#8221; _builder_version=&#8221;4.21.0&#8243; _module_preset=&#8221;default&#8221; header_2_font=&#8221;|||on|||||&#8221; header_2_text_align=&#8221;center&#8221; header_2_text_color=&#8221;#f46b5d&#8221; header_2_font_size=&#8221;23px&#8221; header_2_letter_spacing=&#8221;11.5px&#8221; custom_margin=&#8221;||50px||false|false&#8221; global_colors_info=&#8221;{}&#8221;]<\/p>\n<h2>Toutes les infos pour r\u00e9ussir votre projet<\/h2>\n<p>[\/et_pb_text][et_pb_text _builder_version=&#8221;4.21.0&#8243; _module_preset=&#8221;default&#8221; text_orientation=&#8221;center&#8221; custom_margin=&#8221;||50px||false|false&#8221; custom_padding=&#8221;|10%||10%|false|true&#8221; global_colors_info=&#8221;{}&#8221;]<\/p>\n<p>Travaux, l\u00e9gislation, id\u00e9es et conseils, retrouvez toutes les informations n\u00e9cessaires \u00e0 la r\u00e9alisation de votre projet.<\/p>\n<p>&nbsp;<\/p>\n<p>[\/et_pb_text][et_pb_code _builder_version=&#8221;4.21.0&#8243; _module_preset=&#8221;default&#8221; global_colors_info=&#8221;{}&#8221;][\/et_pb_code][\/et_pb_column][\/et_pb_row][\/et_pb_section]<\/p>\n","protected":false},"excerpt":{"rendered":"<p><span><span><a href=\"https:\/\/www.sepalumic.com\/en\/\">Home<\/a><\/span><\/span>Toutes les infos pour r\u00e9ussir votre projetTravaux, l\u00e9gislation, id\u00e9es et conseils, retrouvez toutes les informations n\u00e9cessaires \u00e0 la r\u00e9alisation de votre projet. &nbsp;<\/p>\n","protected":false},"author":1,"featured_media":0,"parent":0,"menu_order":0,"comment_status":"closed","ping_status":"closed","template":"","meta":{"_acf_changed":false,"_et_pb_use_builder":"on","_et_pb_old_content":"","_et_gb_content_width":"","inline_featured_image":false,"footnotes":""},"class_list":["post-9221","page","type-page","status-publish","hentry"],"acf":[],"yoast_head":"<!-- This site is optimized with the Yoast SEO plugin v27.6 - https:\/\/yoast.com\/product\/yoast-seo-wordpress\/ -->\n<title>Financements, R\u00e9glementation, id\u00e9es &amp; Conseils - Sepalumic<\/title>\n<meta name=\"robots\" content=\"index, follow, max-snippet:-1, max-image-preview:large, max-video-preview:-1\" \/>\n<link rel=\"canonical\" href=\"https:\/\/www.sepalumic.com\/en\/travaux-reglementation\/\" \/>\n<meta property=\"og:locale\" content=\"en_US\" \/>\n<meta property=\"og:type\" content=\"article\" \/>\n<meta property=\"og:title\" content=\"Financements, R\u00e9glementation, id\u00e9es &amp; Conseils - Sepalumic\" \/>\n<meta property=\"og:description\" content=\"Toutes les infos pour r\u00e9ussir votre projetTravaux, l\u00e9gislation, id\u00e9es et conseils, retrouvez toutes les informations n\u00e9cessaires \u00e0 la r\u00e9alisation de votre projet. &nbsp;\" \/>\n<meta property=\"og:url\" content=\"https:\/\/www.sepalumic.com\/en\/travaux-reglementation\/\" \/>\n<meta property=\"og:site_name\" content=\"Sepalumic\" \/>\n<meta property=\"article:modified_time\" content=\"2024-01-16T12:50:26+00:00\" \/>\n<meta name=\"twitter:card\" content=\"summary_large_image\" \/>\n<meta name=\"twitter:label1\" content=\"Est. reading time\" \/>\n\t<meta name=\"twitter:data1\" content=\"1 minute\" \/>\n<script type=\"application\/ld+json\" class=\"yoast-schema-graph\">{\"@context\":\"https:\\\/\\\/schema.org\",\"@graph\":[{\"@type\":\"WebPage\",\"@id\":\"https:\\\/\\\/www.sepalumic.com\\\/en\\\/travaux-reglementation\\\/\",\"url\":\"https:\\\/\\\/www.sepalumic.com\\\/en\\\/travaux-reglementation\\\/\",\"name\":\"Financements, R\u00e9glementation, id\u00e9es & Conseils - Sepalumic\",\"isPartOf\":{\"@id\":\"https:\\\/\\\/www.sepalumic.com\\\/en\\\/#website\"},\"datePublished\":\"2023-05-16T16:47:03+00:00\",\"dateModified\":\"2024-01-16T12:50:26+00:00\",\"breadcrumb\":{\"@id\":\"https:\\\/\\\/www.sepalumic.com\\\/en\\\/travaux-reglementation\\\/#breadcrumb\"},\"inLanguage\":\"en-US\",\"potentialAction\":[{\"@type\":\"ReadAction\",\"target\":[\"https:\\\/\\\/www.sepalumic.com\\\/en\\\/travaux-reglementation\\\/\"]}]},{\"@type\":\"BreadcrumbList\",\"@id\":\"https:\\\/\\\/www.sepalumic.com\\\/en\\\/travaux-reglementation\\\/#breadcrumb\",\"itemListElement\":[{\"@type\":\"ListItem\",\"position\":1,\"name\":\"Home\",\"item\":\"https:\\\/\\\/www.sepalumic.com\\\/en\\\/\"},{\"@type\":\"ListItem\",\"position\":2,\"name\":\"Financements, R\u00e9glementation, id\u00e9es &#038; Conseils\"}]},{\"@type\":\"WebSite\",\"@id\":\"https:\\\/\\\/www.sepalumic.com\\\/en\\\/#website\",\"url\":\"https:\\\/\\\/www.sepalumic.com\\\/en\\\/\",\"name\":\"Sepalumic\",\"description\":\"\",\"potentialAction\":[{\"@type\":\"SearchAction\",\"target\":{\"@type\":\"EntryPoint\",\"urlTemplate\":\"https:\\\/\\\/www.sepalumic.com\\\/en\\\/?s={search_term_string}\"},\"query-input\":{\"@type\":\"PropertyValueSpecification\",\"valueRequired\":true,\"valueName\":\"search_term_string\"}}],\"inLanguage\":\"en-US\"}]}<\/script>\n<!-- \/ Yoast SEO plugin. -->","yoast_head_json":{"title":"Financements, R\u00e9glementation, id\u00e9es & Conseils - Sepalumic","robots":{"index":"index","follow":"follow","max-snippet":"max-snippet:-1","max-image-preview":"max-image-preview:large","max-video-preview":"max-video-preview:-1"},"canonical":"https:\/\/www.sepalumic.com\/en\/travaux-reglementation\/","og_locale":"en_US","og_type":"article","og_title":"Financements, R\u00e9glementation, id\u00e9es & Conseils - Sepalumic","og_description":"Toutes les infos pour r\u00e9ussir votre projetTravaux, l\u00e9gislation, id\u00e9es et conseils, retrouvez toutes les informations n\u00e9cessaires \u00e0 la r\u00e9alisation de votre projet. &nbsp;","og_url":"https:\/\/www.sepalumic.com\/en\/travaux-reglementation\/","og_site_name":"Sepalumic","article_modified_time":"2024-01-16T12:50:26+00:00","twitter_card":"summary_large_image","twitter_misc":{"Est. reading time":"1 minute"},"schema":{"@context":"https:\/\/schema.org","@graph":[{"@type":"WebPage","@id":"https:\/\/www.sepalumic.com\/en\/travaux-reglementation\/","url":"https:\/\/www.sepalumic.com\/en\/travaux-reglementation\/","name":"Financements, R\u00e9glementation, id\u00e9es & Conseils - Sepalumic","isPartOf":{"@id":"https:\/\/www.sepalumic.com\/en\/#website"},"datePublished":"2023-05-16T16:47:03+00:00","dateModified":"2024-01-16T12:50:26+00:00","breadcrumb":{"@id":"https:\/\/www.sepalumic.com\/en\/travaux-reglementation\/#breadcrumb"},"inLanguage":"en-US","potentialAction":[{"@type":"ReadAction","target":["https:\/\/www.sepalumic.com\/en\/travaux-reglementation\/"]}]},{"@type":"BreadcrumbList","@id":"https:\/\/www.sepalumic.com\/en\/travaux-reglementation\/#breadcrumb","itemListElement":[{"@type":"ListItem","position":1,"name":"Home","item":"https:\/\/www.sepalumic.com\/en\/"},{"@type":"ListItem","position":2,"name":"Financements, R\u00e9glementation, id\u00e9es &#038; Conseils"}]},{"@type":"WebSite","@id":"https:\/\/www.sepalumic.com\/en\/#website","url":"https:\/\/www.sepalumic.com\/en\/","name":"Sepalumic","description":"","potentialAction":[{"@type":"SearchAction","target":{"@type":"EntryPoint","urlTemplate":"https:\/\/www.sepalumic.com\/en\/?s={search_term_string}"},"query-input":{"@type":"PropertyValueSpecification","valueRequired":true,"valueName":"search_term_string"}}],"inLanguage":"en-US"}]}},"_links":{"self":[{"href":"https:\/\/www.sepalumic.com\/en\/wp-json\/wp\/v2\/pages\/9221","targetHints":{"allow":["GET"]}}],"collection":[{"href":"https:\/\/www.sepalumic.com\/en\/wp-json\/wp\/v2\/pages"}],"about":[{"href":"https:\/\/www.sepalumic.com\/en\/wp-json\/wp\/v2\/types\/page"}],"author":[{"embeddable":true,"href":"https:\/\/www.sepalumic.com\/en\/wp-json\/wp\/v2\/users\/1"}],"replies":[{"embeddable":true,"href":"https:\/\/www.sepalumic.com\/en\/wp-json\/wp\/v2\/comments?post=9221"}],"version-history":[{"count":1,"href":"https:\/\/www.sepalumic.com\/en\/wp-json\/wp\/v2\/pages\/9221\/revisions"}],"predecessor-version":[{"id":9759,"href":"https:\/\/www.sepalumic.com\/en\/wp-json\/wp\/v2\/pages\/9221\/revisions\/9759"}],"wp:attachment":[{"href":"https:\/\/www.sepalumic.com\/en\/wp-json\/wp\/v2\/media?parent=9221"}],"curies":[{"name":"wp","href":"https:\/\/api.w.org\/{rel}","templated":true}]}}