{"id":9240,"date":"2023-03-21T12:20:51","date_gmt":"2023-03-21T11:20:51","guid":{"rendered":"https:\/\/www.sepalumic.com\/realisations-inspirations\/"},"modified":"2025-08-26T10:55:09","modified_gmt":"2025-08-26T08:55:09","slug":"realisations-inspirations","status":"publish","type":"page","link":"https:\/\/www.sepalumic.com\/en\/realisations-inspirations\/","title":{"rendered":"R\u00e9alisations &#038; inspirations"},"content":{"rendered":"<p>[et_pb_section fb_built=&#8221;1&#8243; fullwidth=&#8221;on&#8221; _builder_version=&#8221;4.21.0&#8243; _module_preset=&#8221;default&#8221; use_background_color_gradient=&#8221;on&#8221; background_color_gradient_direction=&#8221;90deg&#8221; background_color_gradient_stops=&#8221;rgba(30,34,49,0.4) 0%|rgba(255,255,255,0) 100%&#8221; background_color_gradient_overlays_image=&#8221;on&#8221; background_image=&#8221;https:\/\/www.sepalumic.com\/wp-content\/uploads\/2023\/05\/visuel-page-inspi-sepalumic.jpg&#8221; min_height=&#8221;40vw&#8221; custom_padding=&#8221;50px||50px||true|false&#8221; custom_css_main_element=&#8221;display: flex;||justify-content: center;||align-items: center;&#8221; global_colors_info=&#8221;{}&#8221;][et_pb_fullwidth_header title=&#8221;R\u00e9alisations &#038; Inspirations&#8221; _builder_version=&#8221;4.21.0&#8243; _module_preset=&#8221;default&#8221; title_font=&#8221;|300|||||||&#8221; title_text_align=&#8221;center&#8221; title_text_color=&#8221;#FFFFFF&#8221; content_text_align=&#8221;center&#8221; content_text_color=&#8221;#FFFFFF&#8221; content_font_size=&#8221;19px&#8221; background_enable_color=&#8221;off&#8221; custom_padding=&#8221;0px||0px||true|false&#8221; title_font_size_tablet=&#8221;76px&#8221; title_font_size_phone=&#8221;45px&#8221; title_font_size_last_edited=&#8221;off|desktop&#8221; content_font_size_tablet=&#8221;19px&#8221; content_font_size_phone=&#8221;17px&#8221; content_font_size_last_edited=&#8221;on|phone&#8221; custom_css_title=&#8221;font-size: clamp(35px, 7.0rem, 7.0rem);&#8221; global_colors_info=&#8221;{}&#8221;][\/et_pb_fullwidth_header][\/et_pb_section][et_pb_section fb_built=&#8221;1&#8243; admin_label=&#8221;Breadcrumb&#8221; module_class=&#8221;breadcrumb&#8221; _builder_version=&#8221;4.27.4&#8243; _module_preset=&#8221;default&#8221; custom_padding=&#8221;30px||30px||true|false&#8221; global_module=&#8221;168&#8243; saved_tabs=&#8221;all&#8221; locked=&#8221;off&#8221; collapsed=&#8221;off&#8221; global_colors_info=&#8221;{}&#8221;][et_pb_row _builder_version=&#8221;4.20.1&#8243; _module_preset=&#8221;default&#8221; max_width=&#8221;100%&#8221; custom_padding=&#8221;0px||0px||true|false&#8221; global_colors_info=&#8221;{}&#8221;][et_pb_column type=&#8221;4_4&#8243; _builder_version=&#8221;4.20.1&#8243; _module_preset=&#8221;default&#8221; global_colors_info=&#8221;{}&#8221;][et_pb_code _builder_version=&#8221;4.24.0&#8243; _module_preset=&#8221;default&#8221; global_colors_info=&#8221;{}&#8221;]<span><span><a href=\"https:\/\/www.sepalumic.com\/en\/\">Home<\/a><\/span><\/span>[\/et_pb_code][et_pb_divider _builder_version=&#8221;4.23.1&#8243; _module_preset=&#8221;default&#8221; global_colors_info=&#8221;{}&#8221;][\/et_pb_divider][\/et_pb_column][\/et_pb_row][\/et_pb_section][et_pb_section fb_built=&#8221;1&#8243; _builder_version=&#8221;4.21.0&#8243; _module_preset=&#8221;default&#8221; custom_margin=&#8221;||20px||false|false&#8221; custom_padding=&#8221;0px||0px||true|false&#8221; global_colors_info=&#8221;{}&#8221;][et_pb_row use_custom_gutter=&#8221;on&#8221; gutter_width=&#8221;1&#8243; _builder_version=&#8221;4.20.2&#8243; _module_preset=&#8221;default&#8221; max_width=&#8221;100%&#8221; custom_padding=&#8221;0px||0px||true|false&#8221; global_colors_info=&#8221;{}&#8221;][et_pb_column type=&#8221;4_4&#8243; _builder_version=&#8221;4.20.2&#8243; _module_preset=&#8221;default&#8221; global_colors_info=&#8221;{}&#8221;][et_pb_text _builder_version=&#8221;4.20.4&#8243; _module_preset=&#8221;default&#8221; header_2_font=&#8221;|800||on|||||&#8221; header_2_text_align=&#8221;center&#8221; header_2_text_color=&#8221;#1E2231&#8243; header_2_font_size=&#8221;27px&#8221; custom_margin=&#8221;||50px||false|false&#8221; global_colors_info=&#8221;{}&#8221;]<\/p>\n<h2>Les plus belles r\u00e9alisations pour vous inspirer<\/h2>\n<p>[\/et_pb_text][et_pb_text _builder_version=&#8221;4.21.0&#8243; _module_preset=&#8221;default&#8221; text_orientation=&#8221;center&#8221; width=&#8221;95.2%&#8221; width_tablet=&#8221;60%&#8221; width_phone=&#8221;100%&#8221; width_last_edited=&#8221;on|phone&#8221; module_alignment=&#8221;center&#8221; custom_margin=&#8221;|79px||-154px||&#8221; custom_padding=&#8221;|||0px||&#8221; global_colors_info=&#8221;{}&#8221;]<\/p>\n<p>Bo\u00eete \u00e0 id\u00e9es, source d\u2019inspiration ou illustration de belles associations, cette page constitue le meilleur t\u00e9moignage de notre audace et de nos savoir-faire. Les chantiers pr\u00e9sent\u00e9s sont la preuve d\u2019une remarquable synergie avec nos partenaires fabricants, ma\u00eetre d\u2019\u0153uvre et architectes, et d\u00e9montrent la r\u00e9ussite de nos collaborations sur des projets de toute taille, aussi bien individuels que tertiaires.<\/p>\n<p><strong>Laissez-vous inspirer par les plus belles mises en oeuvre des menuiseries Sepalumic et donnez vie \u00e0 vos projets les plus audacieux.<\/strong><\/p>\n<p>[\/et_pb_text][\/et_pb_column][\/et_pb_row][\/et_pb_section][et_pb_section fb_built=&#8221;1&#8243; _builder_version=&#8221;4.21.0&#8243; _module_preset=&#8221;default&#8221; background_enable_color=&#8221;off&#8221; custom_margin=&#8221;||80px||false|false&#8221; custom_padding=&#8221;||||false|false&#8221; global_colors_info=&#8221;{}&#8221;][et_pb_row use_custom_gutter=&#8221;on&#8221; gutter_width=&#8221;1&#8243; admin_label=&#8221;Row&#8221; _builder_version=&#8221;4.21.0&#8243; _module_preset=&#8221;default&#8221; max_width=&#8221;100%&#8221; custom_margin=&#8221;||||false|false&#8221; custom_padding=&#8221;||||false|false&#8221; global_colors_info=&#8221;{}&#8221;][et_pb_column type=&#8221;4_4&#8243; _builder_version=&#8221;4.21.0&#8243; _module_preset=&#8221;default&#8221; global_colors_info=&#8221;{}&#8221;][et_pb_text _builder_version=&#8221;4.21.0&#8243; _module_preset=&#8221;default&#8221; header_2_font=&#8221;|||on|||||&#8221; header_2_text_align=&#8221;center&#8221; header_2_text_color=&#8221;#f46b5d&#8221; header_2_font_size=&#8221;23px&#8221; header_2_letter_spacing=&#8221;1.15rem&#8221; custom_margin=&#8221;||20px||false|false&#8221; custom_padding=&#8221;|60px||60px|false|true&#8221; custom_padding_tablet=&#8221;|60px||60px|false|true&#8221; custom_padding_phone=&#8221;|0px||0px|false|true&#8221; custom_padding_last_edited=&#8221;on|phone&#8221; global_colors_info=&#8221;{}&#8221;]<\/p>\n<h2>D\u00e9couvrez notre magazine tendance Ouvrages<\/h2>\n<p>[\/et_pb_text][et_pb_text _builder_version=&#8221;4.21.0&#8243; _module_preset=&#8221;default&#8221; text_text_color=&#8221;#1e2231&#8243; text_orientation=&#8221;center&#8221; custom_padding=&#8221;||||false|false&#8221; text_orientation_tablet=&#8221;center&#8221; text_orientation_phone=&#8221;center&#8221; text_orientation_last_edited=&#8221;on|tablet&#8221; global_colors_info=&#8221;{}&#8221;]<\/p>\n<p>OUVRAGES est le catalogue de r\u00e9f\u00e9rence chez Sepalumic qui recense chaque ann\u00e9e douze de nos plus belles r\u00e9alisations partout en France et \u00e0 l&#8217;international.<\/p>\n<p>[\/et_pb_text][\/et_pb_column][\/et_pb_row][et_pb_row use_custom_gutter=&#8221;on&#8221; gutter_width=&#8221;1&#8243; _builder_version=&#8221;4.27.0&#8243; _module_preset=&#8221;default&#8221; width=&#8221;90%&#8221; max_width=&#8221;1550px&#8221; custom_padding=&#8221;0px||0px||true|false&#8221; global_colors_info=&#8221;{}&#8221;][et_pb_column type=&#8221;4_4&#8243; _builder_version=&#8221;4.20.2&#8243; _module_preset=&#8221;default&#8221; custom_css_main_element=&#8221;display: flex;||justify-content: space-between;||gap: 2px;&#8221; global_colors_info=&#8221;{}&#8221;][et_pb_code admin_label=&#8221;Code&#8221; _builder_version=&#8221;4.27.0&#8243; _module_preset=&#8221;default&#8221; width=&#8221;100%&#8221; locked=&#8221;off&#8221; global_colors_info=&#8221;{}&#8221;]<div class=\"brochures_container sl-pdf-slider-realisations\"><div class=\"last_brochure\"><a class=\"_df_thumb \"  href=\"#\"  data-slug=\"edition-n7\" data-_slug=\"edition-n7\" _slug=\"edition-n7\" data-title=\"edition-n7\" id=\"df_14108\" data-df-option=\"df_option_14108\" thumb=\"https:\/\/www.sepalumic.com\/wp-content\/uploads\/2025\/10\/Couv-ouvrages-n7.jpg\"  >EDITION n\u00b07<\/a><script class=\"df-shortcode-script\" nowprocket type=\"application\/javascript\">window.df_option_14108 = {\"source\":\"https:\\\/\\\/www.sepalumic.com\\\/wp-content\\\/uploads\\\/2025\\\/10\\\/BOOK-SEPALUMIC-2025_web.pdf\",\"outline\":[],\"autoEnableOutline\":false,\"autoEnableThumbnail\":false,\"overwritePDFOutline\":false,\"pageSize\":\"0\",\"direction\":\"1\",\"slug\":\"edition-n7\",\"wpOptions\":\"true\",\"id\":14108}; if(window.DFLIP && window.DFLIP.parseBooks){window.DFLIP.parseBooks();}<\/script><\/div><div id=\"brochures_slider\" class=\"brochures_slider owl-carousel\">\t<div class=\"brochure\"><a class=\"_df_thumb \"  href=\"#\"  data-slug=\"edition-n6\" data-_slug=\"edition-n6\" _slug=\"edition-n6\" data-title=\"edition-n6\" id=\"df_12790\" data-df-option=\"df_option_12790\" thumb=\"https:\/\/www.sepalumic.com\/wp-content\/uploads\/2024\/09\/ouvrages-n6.png\"  >EDITION n\u00b06<\/a><script class=\"df-shortcode-script\" nowprocket type=\"application\/javascript\">window.df_option_12790 = {\"source\":\"https:\\\/\\\/www.sepalumic.com\\\/wp-content\\\/uploads\\\/2024\\\/09\\\/BOOK-SEPALUMIC-2024-WEB.pdf\",\"outline\":[],\"autoEnableOutline\":false,\"autoEnableThumbnail\":false,\"overwritePDFOutline\":false,\"pageSize\":\"0\",\"direction\":\"1\",\"slug\":\"edition-n6\",\"wpOptions\":\"true\",\"id\":12790}; if(window.DFLIP && window.DFLIP.parseBooks){window.DFLIP.parseBooks();}<\/script>\t<\/div>\t<div class=\"brochure\"><a class=\"_df_thumb \"  href=\"#\"  data-slug=\"brochure-05\" data-_slug=\"brochure-05\" _slug=\"brochure-05\" data-title=\"edition-n5\" id=\"df_4961\" data-df-option=\"df_option_4961\" thumb=\"https:\/\/www.sepalumic.com\/wp-content\/uploads\/2023\/04\/brochure5.jpg\"  >EDITION n\u00b05<\/a><script class=\"df-shortcode-script\" nowprocket type=\"application\/javascript\">window.df_option_4961 = {\"source\":\"https:\\\/\\\/www.sepalumic.com\\\/wp-content\\\/uploads\\\/2023\\\/06\\\/Ouvrages-Edition-n\\u00b05.pdf\",\"outline\":[],\"autoEnableOutline\":false,\"autoEnableThumbnail\":false,\"overwritePDFOutline\":false,\"pageSize\":\"0\",\"direction\":\"1\",\"slug\":\"brochure-05\",\"wpOptions\":\"true\",\"id\":4961}; if(window.DFLIP && window.DFLIP.parseBooks){window.DFLIP.parseBooks();}<\/script>\t<\/div>\t<div class=\"brochure\"><a class=\"_df_thumb \"  href=\"#\"  data-slug=\"brochure-04\" data-_slug=\"brochure-04\" _slug=\"brochure-04\" data-title=\"edition-n4\" id=\"df_4958\" data-df-option=\"df_option_4958\" thumb=\"https:\/\/www.sepalumic.com\/wp-content\/uploads\/2023\/04\/brochure4.jpg\"  >EDITION n\u00b04<\/a><script class=\"df-shortcode-script\" nowprocket type=\"application\/javascript\">window.df_option_4958 = {\"source\":\"https:\\\/\\\/www.sepalumic.com\\\/wp-content\\\/uploads\\\/2023\\\/06\\\/Ouvrages-Edition-n\\u00b04.pdf\",\"outline\":[],\"autoEnableOutline\":false,\"autoEnableThumbnail\":false,\"overwritePDFOutline\":false,\"pageSize\":\"0\",\"direction\":\"1\",\"slug\":\"brochure-04\",\"wpOptions\":\"true\",\"id\":4958}; if(window.DFLIP && window.DFLIP.parseBooks){window.DFLIP.parseBooks();}<\/script>\t<\/div>\t<div class=\"brochure\"><a class=\"_df_thumb \"  href=\"#\"  data-slug=\"brochure-03\" data-_slug=\"brochure-03\" _slug=\"brochure-03\" data-title=\"edition-n3\" id=\"df_4735\" data-df-option=\"df_option_4735\" thumb=\"https:\/\/www.sepalumic.com\/wp-content\/uploads\/2023\/04\/brochure3.jpg\"  >EDITION n\u00b03<\/a><script class=\"df-shortcode-script\" nowprocket type=\"application\/javascript\">window.df_option_4735 = {\"source\":\"https:\\\/\\\/www.sepalumic.com\\\/wp-content\\\/uploads\\\/2023\\\/05\\\/Ouvrages-Edition-n\\u00b03.pdf\",\"outline\":[],\"autoEnableOutline\":false,\"autoEnableThumbnail\":false,\"overwritePDFOutline\":false,\"pageSize\":\"0\",\"direction\":\"1\",\"slug\":\"brochure-03\",\"wpOptions\":\"true\",\"id\":4735}; if(window.DFLIP && window.DFLIP.parseBooks){window.DFLIP.parseBooks();}<\/script>\t<\/div>\t<div class=\"brochure\"><a class=\"_df_thumb \"  href=\"#\"  data-slug=\"brochure-02\" data-_slug=\"brochure-02\" _slug=\"brochure-02\" data-title=\"edition-n2\" id=\"df_4732\" data-df-option=\"df_option_4732\" thumb=\"https:\/\/www.sepalumic.com\/wp-content\/uploads\/2023\/04\/brochure2.jpg\"  >EDITION n\u00b02<\/a><script class=\"df-shortcode-script\" nowprocket type=\"application\/javascript\">window.df_option_4732 = {\"source\":\"https:\\\/\\\/www.sepalumic.com\\\/wp-content\\\/uploads\\\/2023\\\/05\\\/Ouvrages-Edition-n\\u00b02.pdf\",\"outline\":[],\"autoEnableOutline\":false,\"autoEnableThumbnail\":false,\"overwritePDFOutline\":false,\"pageSize\":\"0\",\"direction\":\"1\",\"slug\":\"brochure-02\",\"wpOptions\":\"true\",\"id\":4732}; if(window.DFLIP && window.DFLIP.parseBooks){window.DFLIP.parseBooks();}<\/script>\t<\/div>\t<div class=\"brochure\"><a class=\"_df_thumb \"  href=\"#\"  data-slug=\"brochure-01\" data-_slug=\"brochure-01\" _slug=\"brochure-01\" data-title=\"edition-n1\" id=\"df_4721\" data-df-option=\"df_option_4721\" thumb=\"https:\/\/www.sepalumic.com\/wp-content\/uploads\/2023\/04\/brochure1.jpg\"  >EDITION n\u00b01<\/a><script class=\"df-shortcode-script\" nowprocket type=\"application\/javascript\">window.df_option_4721 = {\"source\":\"https:\\\/\\\/www.sepalumic.com\\\/wp-content\\\/uploads\\\/2023\\\/05\\\/Ouvrages-Edition-n\\u00b01.pdf\",\"outline\":[],\"autoEnableOutline\":false,\"autoEnableThumbnail\":false,\"overwritePDFOutline\":false,\"pageSize\":\"0\",\"direction\":\"1\",\"slug\":\"brochure-01\",\"wpOptions\":\"true\",\"id\":4721}; if(window.DFLIP && window.DFLIP.parseBooks){window.DFLIP.parseBooks();}<\/script>\t<\/div>\t\t<\/div><\/div>[\/et_pb_code][\/et_pb_column][\/et_pb_row][et_pb_row custom_padding_last_edited=&#8221;on|tablet&#8221; _builder_version=&#8221;4.21.0&#8243; _module_preset=&#8221;default&#8221; width=&#8221;100%&#8221; max_width=&#8221;1500px&#8221; custom_margin=&#8221;25px||||false|false&#8221; custom_margin_tablet=&#8221;50px||||false|false&#8221; custom_margin_phone=&#8221;50px||||false|false&#8221; custom_margin_last_edited=&#8221;on|tablet&#8221; custom_padding=&#8221;0px|7%|0px|7%|true|true&#8221; custom_padding_tablet=&#8221;|||10%|true|false&#8221; custom_padding_phone=&#8221;|||10%|true|false&#8221; global_colors_info=&#8221;{}&#8221;][et_pb_column type=&#8221;4_4&#8243; _builder_version=&#8221;4.21.0&#8243; _module_preset=&#8221;default&#8221; global_colors_info=&#8221;{}&#8221;][et_pb_text admin_label=&#8221;Citation&#8221; _builder_version=&#8221;4.27.0&#8243; _module_preset=&#8221;89b2ec31-602a-4862-a7b9-ea4c37fbe8d3&#8243; locked=&#8221;off&#8221; global_colors_info=&#8221;{}&#8221;]<\/p>\n<blockquote>\n<p>Ce catalogue unique d\u2019inspiration met en lumi\u00e8re le travail de chacun et donne la parole \u00e0 ceux &#8211; fabricants, architectes, ma\u00eetres d\u2019ouvrages, propri\u00e9taires &#8211; qui contribuent \u00e0 faire de ces projets des r\u00e9alisations uniques. Maison d\u2019architectes, am\u00e9nagement outdoor, b\u00e2timent d\u2019envergure, retrouvez page \u00e0 page les projets Sepalumic de l\u2019ann\u00e9e !<\/p>\n<\/blockquote>\n<p>[\/et_pb_text][\/et_pb_column][\/et_pb_row][\/et_pb_section][et_pb_section fb_built=&#8221;1&#8243; _builder_version=&#8221;4.20.2&#8243; _module_preset=&#8221;default&#8221; background_color=&#8221;#1E2231&#8243; global_colors_info=&#8221;{}&#8221;][et_pb_row use_custom_gutter=&#8221;on&#8221; gutter_width=&#8221;1&#8243; _builder_version=&#8221;4.20.2&#8243; _module_preset=&#8221;default&#8221; max_width=&#8221;100%&#8221; global_colors_info=&#8221;{}&#8221;][et_pb_column type=&#8221;4_4&#8243; _builder_version=&#8221;4.20.2&#8243; _module_preset=&#8221;default&#8221; global_colors_info=&#8221;{}&#8221;][et_pb_text module_class=&#8221;text_with_border&#8221; _builder_version=&#8221;4.21.0&#8243; _module_preset=&#8221;default&#8221; header_2_font=&#8221;|||on|||||&#8221; header_2_text_align=&#8221;center&#8221; header_2_text_color=&#8221;#f46b5d&#8221; header_2_font_size=&#8221;23px&#8221; header_2_letter_spacing=&#8221;11.5px&#8221; custom_margin=&#8221;||50px||false|false&#8221; global_colors_info=&#8221;{}&#8221;]<\/p>\n<h2>D\u00e9couvrez les derni\u00e8res r\u00e9alisations<\/h2>\n<p>[\/et_pb_text][et_pb_text _builder_version=&#8221;4.20.4&#8243; _module_preset=&#8221;default&#8221; text_text_color=&#8221;#FFFFFF&#8221; text_orientation=&#8221;center&#8221; custom_margin=&#8221;||50px||false|false&#8221; custom_padding=&#8221;|10%||10%|false|true&#8221; global_colors_info=&#8221;{}&#8221;]<\/p>\n<p>Gr\u00e2ce aux savoir-faire et la cr\u00e9ativit\u00e9 de nos clients fabricants et partenaires architectes, des projets exceptionnels voient le jour chaque ann\u00e9e. Quel que soit le type de construction, neuf ou r\u00e9novation, b\u00e2timent tertiaire ou maison individuelle, il existe de nombreuses fa\u00e7on de les sublimer gr\u00e2ce aux menuiseries et aux fa\u00e7ades aluminium Sepalumic.<\/p>\n<p>Choix des gammes, couleurs, dimension et accessoires, d\u00e9couvrez en image des exemples des nombreuses possibilit\u00e9s de mise en \u0153uvre qu\u2019offre les produits Sepalumic.<\/p>\n<p>[\/et_pb_text][et_pb_code _builder_version=&#8221;4.27.4&#8243; _module_preset=&#8221;default&#8221; hover_enabled=&#8221;0&#8243; global_colors_info=&#8221;{}&#8221; sticky_enabled=&#8221;0&#8243;]\t<div id=\"sepa_realisations_listing_69f061c00be2d\" class=\"sepa-realisations-listing-ajax\">\n\t\t\n\t\t\t\t<div class=\"sepa-realisations-filters\">\n\t\t\t<div class=\"sepa-filters-container\">\n\t\t\t\t<label for=\"sepa_realisations_listing_69f061c00be2d_filter_input\" class=\"sepa-filter-label\">Filtrer par type de produit :<\/label>\n\t\t\t\t<div class=\"sepa-tags-input-container\">\n\t\t\t\t\t<input type=\"text\" id=\"sepa_realisations_listing_69f061c00be2d_filter_input\" class=\"sepa-filter-input\" placeholder=\"Cliquez pour voir les produits disponibles...\" \/>\n\t\t\t\t\t<div class=\"sepa-tags-container\"><\/div>\n\t\t\t\t\t<div class=\"sepa-suggestions-container\" style=\"display: none;\"><\/div>\n\t\t\t\t<\/div>\n\t\t\t\t<button type=\"button\" class=\"sepa-clear-filters\" style=\"display: none;\">Effacer tous les filtres<\/button>\n\t\t\t<\/div>\n\t\t<\/div>\n\t\t\t\t\n\t\t<div class=\"sepa-realisations-listing-content\">\n\t\t\t<!-- Le contenu sera charg\u00e9 via AJAX -->\n\t\t<\/div>\n\t\t\n\t\t\t\t<div class=\"sepa-realisations-listing-pagination\">\n\t\t\t<div class=\"sepa-pagination-controls\">\n\t\t\t\t<button class=\"sepa-pagination-prev\" disabled>Pr\u00e9c\u00e9dent<\/button>\n\t\t\t\t<span class=\"sepa-pagination-info\">page <span class=\"sepa-current-page\">1<\/span> \/ <span class=\"sepa-total-pages\">1<\/span><\/span>\n\t\t\t\t<button class=\"sepa-pagination-next\">Suivant<\/button>\n\t\t\t<\/div>\n\t\t<\/div>\n\t\t\t<\/div>\n\t[\/et_pb_code][\/et_pb_column][\/et_pb_row][\/et_pb_section]<\/p>\n","protected":false},"excerpt":{"rendered":"<p><span><span><a href=\"https:\/\/www.sepalumic.com\/en\/\">Home<\/a><\/span><\/span>Les plus belles r\u00e9alisations pour vous inspirerBo\u00eete \u00e0 id\u00e9es, source d\u2019inspiration ou illustration de belles associations, cette page constitue le meilleur t\u00e9moignage de notre audace et de nos savoir-faire. Les chantiers pr\u00e9sent\u00e9s sont la preuve d\u2019une remarquable synergie avec nos partenaires fabricants, ma\u00eetre d\u2019\u0153uvre et architectes, et d\u00e9montrent la r\u00e9ussite de nos collaborations sur des [&hellip;]<\/p>\n","protected":false},"author":1,"featured_media":0,"parent":0,"menu_order":0,"comment_status":"closed","ping_status":"closed","template":"","meta":{"_acf_changed":false,"_et_pb_use_builder":"on","_et_pb_old_content":"","_et_gb_content_width":"","inline_featured_image":false,"footnotes":""},"class_list":["post-9240","page","type-page","status-publish","hentry"],"acf":[],"yoast_head":"<!-- This site is optimized with the Yoast SEO plugin v27.4 - https:\/\/yoast.com\/product\/yoast-seo-wordpress\/ -->\n<title>R\u00e9alisations &amp; inspirations - Sepalumic<\/title>\n<meta name=\"robots\" content=\"index, follow, max-snippet:-1, max-image-preview:large, max-video-preview:-1\" \/>\n<link rel=\"canonical\" href=\"https:\/\/www.sepalumic.com\/en\/realisations-inspirations\/\" \/>\n<meta property=\"og:locale\" content=\"en_US\" \/>\n<meta property=\"og:type\" content=\"article\" \/>\n<meta property=\"og:title\" content=\"R\u00e9alisations &amp; inspirations - Sepalumic\" \/>\n<meta property=\"og:description\" content=\"Les plus belles r\u00e9alisations pour vous inspirerBo\u00eete \u00e0 id\u00e9es, source d\u2019inspiration ou illustration de belles associations, cette page constitue le meilleur t\u00e9moignage de notre audace et de nos savoir-faire. Les chantiers pr\u00e9sent\u00e9s sont la preuve d\u2019une remarquable synergie avec nos partenaires fabricants, ma\u00eetre d\u2019\u0153uvre et architectes, et d\u00e9montrent la r\u00e9ussite de nos collaborations sur des [&hellip;]\" \/>\n<meta property=\"og:url\" content=\"https:\/\/www.sepalumic.com\/en\/realisations-inspirations\/\" \/>\n<meta property=\"og:site_name\" content=\"Sepalumic\" \/>\n<meta property=\"article:modified_time\" content=\"2025-08-26T08:55:09+00:00\" \/>\n<meta name=\"twitter:card\" content=\"summary_large_image\" \/>\n<meta name=\"twitter:label1\" content=\"Est. reading time\" \/>\n\t<meta name=\"twitter:data1\" content=\"15 minutes\" \/>\n<script type=\"application\/ld+json\" class=\"yoast-schema-graph\">{\"@context\":\"https:\\\/\\\/schema.org\",\"@graph\":[{\"@type\":\"WebPage\",\"@id\":\"https:\\\/\\\/www.sepalumic.com\\\/en\\\/realisations-inspirations\\\/\",\"url\":\"https:\\\/\\\/www.sepalumic.com\\\/en\\\/realisations-inspirations\\\/\",\"name\":\"R\u00e9alisations & inspirations - Sepalumic\",\"isPartOf\":{\"@id\":\"https:\\\/\\\/www.sepalumic.com\\\/en\\\/#website\"},\"datePublished\":\"2023-03-21T11:20:51+00:00\",\"dateModified\":\"2025-08-26T08:55:09+00:00\",\"breadcrumb\":{\"@id\":\"https:\\\/\\\/www.sepalumic.com\\\/en\\\/realisations-inspirations\\\/#breadcrumb\"},\"inLanguage\":\"en-US\",\"potentialAction\":[{\"@type\":\"ReadAction\",\"target\":[\"https:\\\/\\\/www.sepalumic.com\\\/en\\\/realisations-inspirations\\\/\"]}]},{\"@type\":\"BreadcrumbList\",\"@id\":\"https:\\\/\\\/www.sepalumic.com\\\/en\\\/realisations-inspirations\\\/#breadcrumb\",\"itemListElement\":[{\"@type\":\"ListItem\",\"position\":1,\"name\":\"Home\",\"item\":\"https:\\\/\\\/www.sepalumic.com\\\/en\\\/\"},{\"@type\":\"ListItem\",\"position\":2,\"name\":\"R\u00e9alisations &#038; inspirations\"}]},{\"@type\":\"WebSite\",\"@id\":\"https:\\\/\\\/www.sepalumic.com\\\/en\\\/#website\",\"url\":\"https:\\\/\\\/www.sepalumic.com\\\/en\\\/\",\"name\":\"Sepalumic\",\"description\":\"\",\"potentialAction\":[{\"@type\":\"SearchAction\",\"target\":{\"@type\":\"EntryPoint\",\"urlTemplate\":\"https:\\\/\\\/www.sepalumic.com\\\/en\\\/?s={search_term_string}\"},\"query-input\":{\"@type\":\"PropertyValueSpecification\",\"valueRequired\":true,\"valueName\":\"search_term_string\"}}],\"inLanguage\":\"en-US\"}]}<\/script>\n<!-- \/ Yoast SEO plugin. -->","yoast_head_json":{"title":"R\u00e9alisations & inspirations - Sepalumic","robots":{"index":"index","follow":"follow","max-snippet":"max-snippet:-1","max-image-preview":"max-image-preview:large","max-video-preview":"max-video-preview:-1"},"canonical":"https:\/\/www.sepalumic.com\/en\/realisations-inspirations\/","og_locale":"en_US","og_type":"article","og_title":"R\u00e9alisations & inspirations - Sepalumic","og_description":"Les plus belles r\u00e9alisations pour vous inspirerBo\u00eete \u00e0 id\u00e9es, source d\u2019inspiration ou illustration de belles associations, cette page constitue le meilleur t\u00e9moignage de notre audace et de nos savoir-faire. Les chantiers pr\u00e9sent\u00e9s sont la preuve d\u2019une remarquable synergie avec nos partenaires fabricants, ma\u00eetre d\u2019\u0153uvre et architectes, et d\u00e9montrent la r\u00e9ussite de nos collaborations sur des [&hellip;]","og_url":"https:\/\/www.sepalumic.com\/en\/realisations-inspirations\/","og_site_name":"Sepalumic","article_modified_time":"2025-08-26T08:55:09+00:00","twitter_card":"summary_large_image","twitter_misc":{"Est. reading time":"15 minutes"},"schema":{"@context":"https:\/\/schema.org","@graph":[{"@type":"WebPage","@id":"https:\/\/www.sepalumic.com\/en\/realisations-inspirations\/","url":"https:\/\/www.sepalumic.com\/en\/realisations-inspirations\/","name":"R\u00e9alisations & inspirations - Sepalumic","isPartOf":{"@id":"https:\/\/www.sepalumic.com\/en\/#website"},"datePublished":"2023-03-21T11:20:51+00:00","dateModified":"2025-08-26T08:55:09+00:00","breadcrumb":{"@id":"https:\/\/www.sepalumic.com\/en\/realisations-inspirations\/#breadcrumb"},"inLanguage":"en-US","potentialAction":[{"@type":"ReadAction","target":["https:\/\/www.sepalumic.com\/en\/realisations-inspirations\/"]}]},{"@type":"BreadcrumbList","@id":"https:\/\/www.sepalumic.com\/en\/realisations-inspirations\/#breadcrumb","itemListElement":[{"@type":"ListItem","position":1,"name":"Home","item":"https:\/\/www.sepalumic.com\/en\/"},{"@type":"ListItem","position":2,"name":"R\u00e9alisations &#038; inspirations"}]},{"@type":"WebSite","@id":"https:\/\/www.sepalumic.com\/en\/#website","url":"https:\/\/www.sepalumic.com\/en\/","name":"Sepalumic","description":"","potentialAction":[{"@type":"SearchAction","target":{"@type":"EntryPoint","urlTemplate":"https:\/\/www.sepalumic.com\/en\/?s={search_term_string}"},"query-input":{"@type":"PropertyValueSpecification","valueRequired":true,"valueName":"search_term_string"}}],"inLanguage":"en-US"}]}},"_links":{"self":[{"href":"https:\/\/www.sepalumic.com\/en\/wp-json\/wp\/v2\/pages\/9240","targetHints":{"allow":["GET"]}}],"collection":[{"href":"https:\/\/www.sepalumic.com\/en\/wp-json\/wp\/v2\/pages"}],"about":[{"href":"https:\/\/www.sepalumic.com\/en\/wp-json\/wp\/v2\/types\/page"}],"author":[{"embeddable":true,"href":"https:\/\/www.sepalumic.com\/en\/wp-json\/wp\/v2\/users\/1"}],"replies":[{"embeddable":true,"href":"https:\/\/www.sepalumic.com\/en\/wp-json\/wp\/v2\/comments?post=9240"}],"version-history":[{"count":10,"href":"https:\/\/www.sepalumic.com\/en\/wp-json\/wp\/v2\/pages\/9240\/revisions"}],"predecessor-version":[{"id":13886,"href":"https:\/\/www.sepalumic.com\/en\/wp-json\/wp\/v2\/pages\/9240\/revisions\/13886"}],"wp:attachment":[{"href":"https:\/\/www.sepalumic.com\/en\/wp-json\/wp\/v2\/media?parent=9240"}],"curies":[{"name":"wp","href":"https:\/\/api.w.org\/{rel}","templated":true}]}}